{"id":4134,"date":"2026-02-20T00:36:21","date_gmt":"2026-02-19T23:36:21","guid":{"rendered":"https:\/\/coffeebeltmorocco.com\/?post_type=product&#038;p=4134"},"modified":"2026-02-20T00:37:33","modified_gmt":"2026-02-19T23:37:33","slug":"theiere-en-verre-250-ml","status":"publish","type":"product","link":"https:\/\/coffeebeltmorocco.com\/index.php\/produit\/theiere-en-verre-250-ml\/","title":{"rendered":"THEIERE EN VERRE 250 ml"},"content":{"rendered":"<div class=\"product_desc-row\">\n<div class=\"product_desc-img\"><\/div>\n<div><\/div>\n<\/div>\n<p>&nbsp;<\/p>\n","protected":false},"excerpt":{"rendered":"<p>th\u00e9i\u00e8re en verre avec une forme carr\u00e9 250 ml<\/p>\n","protected":false},"featured_media":4130,"comment_status":"open","ping_status":"closed","template":"","meta":{"postBodyCss":"","postBodyMargin":[],"postBodyPadding":[],"postBodyBackground":{"backgroundType":"classic","gradient":""}},"product_brand":[57],"product_cat":[40],"product_tag":[],"class_list":{"0":"post-4134","1":"product","2":"type-product","3":"status-publish","4":"has-post-thumbnail","6":"product_brand-coffeebeltmorocco","7":"product_cat-nos-accessoires","9":"first","10":"instock","11":"shipping-taxable","12":"purchasable","13":"product-type-simple"},"_links":{"self":[{"href":"https:\/\/coffeebeltmorocco.com\/index.php\/wp-json\/wp\/v2\/product\/4134","targetHints":{"allow":["GET"]}}],"collection":[{"href":"https:\/\/coffeebeltmorocco.com\/index.php\/wp-json\/wp\/v2\/product"}],"about":[{"href":"https:\/\/coffeebeltmorocco.com\/index.php\/wp-json\/wp\/v2\/types\/product"}],"replies":[{"embeddable":true,"href":"https:\/\/coffeebeltmorocco.com\/index.php\/wp-json\/wp\/v2\/comments?post=4134"}],"wp:featuredmedia":[{"embeddable":true,"href":"https:\/\/coffeebeltmorocco.com\/index.php\/wp-json\/wp\/v2\/media\/4130"}],"wp:attachment":[{"href":"https:\/\/coffeebeltmorocco.com\/index.php\/wp-json\/wp\/v2\/media?parent=4134"}],"wp:term":[{"taxonomy":"product_brand","embeddable":true,"href":"https:\/\/coffeebeltmorocco.com\/index.php\/wp-json\/wp\/v2\/product_brand?post=4134"},{"taxonomy":"product_cat","embeddable":true,"href":"https:\/\/coffeebeltmorocco.com\/index.php\/wp-json\/wp\/v2\/product_cat?post=4134"},{"taxonomy":"product_tag","embeddable":true,"href":"https:\/\/coffeebeltmorocco.com\/index.php\/wp-json\/wp\/v2\/product_tag?post=4134"}],"curies":[{"name":"wp","href":"https:\/\/api.w.org\/{rel}","templated":true}]}}