{"id":4096,"date":"2026-02-19T23:11:49","date_gmt":"2026-02-19T22:11:49","guid":{"rendered":"https:\/\/coffeebeltmorocco.com\/?post_type=product&#038;p=4096"},"modified":"2026-02-19T23:51:49","modified_gmt":"2026-02-19T22:51:49","slug":"nicaragua","status":"publish","type":"product","link":"https:\/\/coffeebeltmorocco.com\/index.php\/produit\/nicaragua\/","title":{"rendered":"100 % ARABICA \u2013 NICARAGUA"},"content":{"rendered":"<div class=\"product_desc-row\">\n<div class=\"product_desc-img\"><\/div>\n<div><\/div>\n<\/div>\n<p>&nbsp;<\/p>\n","protected":false},"excerpt":{"rendered":"<p>Issu des terres volcaniques du Nicaragua, ce caf\u00e9 100 % Arabica s\u00e9duit par sa douceur, son \u00e9quilibre et sa finesse aromatique. Parfait pour un espresso rond ou une d\u00e9gustation d\u00e9licate au quotidien.Torr\u00e9fi\u00e9 et conditionn\u00e9 au Maroc<\/p>\n<ul>\n<li>Origine : Nicaragua<\/li>\n<li>Terroir : Sols volcaniques<\/li>\n<li>Torr\u00e9faction : Moyenne<\/li>\n<li>Utilisation : Espresso \u2013 Filtre \u2013 Machine \u00e0 caf\u00e9<\/li>\n<li>Composition : 100 % caf\u00e9 Arabica<\/li>\n<\/ul>\n<p>&nbsp;<\/p>\n","protected":false},"featured_media":4100,"comment_status":"open","ping_status":"closed","template":"","meta":{"postBodyCss":"","postBodyMargin":[],"postBodyPadding":[],"postBodyBackground":{"backgroundType":"classic","gradient":""}},"product_brand":[57],"product_cat":[34],"product_tag":[],"class_list":{"0":"post-4096","1":"product","2":"type-product","3":"status-publish","4":"has-post-thumbnail","6":"product_brand-coffeebeltmorocco","7":"product_cat-nos-cafes","9":"first","10":"instock","11":"shipping-taxable","12":"purchasable","13":"product-type-variable","14":"has-default-attributes"},"_links":{"self":[{"href":"https:\/\/coffeebeltmorocco.com\/index.php\/wp-json\/wp\/v2\/product\/4096","targetHints":{"allow":["GET"]}}],"collection":[{"href":"https:\/\/coffeebeltmorocco.com\/index.php\/wp-json\/wp\/v2\/product"}],"about":[{"href":"https:\/\/coffeebeltmorocco.com\/index.php\/wp-json\/wp\/v2\/types\/product"}],"replies":[{"embeddable":true,"href":"https:\/\/coffeebeltmorocco.com\/index.php\/wp-json\/wp\/v2\/comments?post=4096"}],"wp:featuredmedia":[{"embeddable":true,"href":"https:\/\/coffeebeltmorocco.com\/index.php\/wp-json\/wp\/v2\/media\/4100"}],"wp:attachment":[{"href":"https:\/\/coffeebeltmorocco.com\/index.php\/wp-json\/wp\/v2\/media?parent=4096"}],"wp:term":[{"taxonomy":"product_brand","embeddable":true,"href":"https:\/\/coffeebeltmorocco.com\/index.php\/wp-json\/wp\/v2\/product_brand?post=4096"},{"taxonomy":"product_cat","embeddable":true,"href":"https:\/\/coffeebeltmorocco.com\/index.php\/wp-json\/wp\/v2\/product_cat?post=4096"},{"taxonomy":"product_tag","embeddable":true,"href":"https:\/\/coffeebeltmorocco.com\/index.php\/wp-json\/wp\/v2\/product_tag?post=4096"}],"curies":[{"name":"wp","href":"https:\/\/api.w.org\/{rel}","templated":true}]}}