{"id":4090,"date":"2026-02-19T23:06:52","date_gmt":"2026-02-19T22:06:52","guid":{"rendered":"https:\/\/coffeebeltmorocco.com\/?post_type=product&#038;p=4090"},"modified":"2026-02-19T23:10:55","modified_gmt":"2026-02-19T22:10:55","slug":"100-robusta-marocain-epice","status":"publish","type":"product","link":"https:\/\/coffeebeltmorocco.com\/index.php\/produit\/100-robusta-marocain-epice\/","title":{"rendered":"100 % ROBUSTA \u2013 Marocain \u00c9pic\u00e9"},"content":{"rendered":"<div class=\"product_desc-row\">\n<div class=\"product_desc-img\"><\/div>\n<div><\/div>\n<\/div>\n<p>&nbsp;<\/p>\n","protected":false},"excerpt":{"rendered":"<p>Un caf\u00e9 marocain \u00e9pic\u00e9 \u00e9labor\u00e9 \u00e0 partir d\u2019un Robusta puissant et g\u00e9n\u00e9reux, sublim\u00e9 par un m\u00e9lange d\u2019\u00e9pices traditionnelles marocaines telles que le gingembre et la cannelle.<\/p>\n<p>&nbsp;<\/p>\n","protected":false},"featured_media":4094,"comment_status":"open","ping_status":"closed","template":"","meta":{"postBodyCss":"","postBodyMargin":[],"postBodyPadding":[],"postBodyBackground":{"backgroundType":"classic","gradient":""}},"product_brand":[57],"product_cat":[34],"product_tag":[],"class_list":{"0":"post-4090","1":"product","2":"type-product","3":"status-publish","4":"has-post-thumbnail","6":"product_brand-coffeebeltmorocco","7":"product_cat-nos-cafes","9":"first","10":"instock","11":"shipping-taxable","12":"purchasable","13":"product-type-variable","14":"has-default-attributes"},"_links":{"self":[{"href":"https:\/\/coffeebeltmorocco.com\/index.php\/wp-json\/wp\/v2\/product\/4090","targetHints":{"allow":["GET"]}}],"collection":[{"href":"https:\/\/coffeebeltmorocco.com\/index.php\/wp-json\/wp\/v2\/product"}],"about":[{"href":"https:\/\/coffeebeltmorocco.com\/index.php\/wp-json\/wp\/v2\/types\/product"}],"replies":[{"embeddable":true,"href":"https:\/\/coffeebeltmorocco.com\/index.php\/wp-json\/wp\/v2\/comments?post=4090"}],"wp:featuredmedia":[{"embeddable":true,"href":"https:\/\/coffeebeltmorocco.com\/index.php\/wp-json\/wp\/v2\/media\/4094"}],"wp:attachment":[{"href":"https:\/\/coffeebeltmorocco.com\/index.php\/wp-json\/wp\/v2\/media?parent=4090"}],"wp:term":[{"taxonomy":"product_brand","embeddable":true,"href":"https:\/\/coffeebeltmorocco.com\/index.php\/wp-json\/wp\/v2\/product_brand?post=4090"},{"taxonomy":"product_cat","embeddable":true,"href":"https:\/\/coffeebeltmorocco.com\/index.php\/wp-json\/wp\/v2\/product_cat?post=4090"},{"taxonomy":"product_tag","embeddable":true,"href":"https:\/\/coffeebeltmorocco.com\/index.php\/wp-json\/wp\/v2\/product_tag?post=4090"}],"curies":[{"name":"wp","href":"https:\/\/api.w.org\/{rel}","templated":true}]}}