{"id":4085,"date":"2026-02-19T23:01:32","date_gmt":"2026-02-19T22:01:32","guid":{"rendered":"https:\/\/coffeebeltmorocco.com\/?post_type=product&#038;p=4085"},"modified":"2026-02-19T23:06:06","modified_gmt":"2026-02-19T22:06:06","slug":"tanzanie","status":"publish","type":"product","link":"https:\/\/coffeebeltmorocco.com\/index.php\/produit\/tanzanie\/","title":{"rendered":"100 % ARABICA \u2013 TANZANIE"},"content":{"rendered":"<div class=\"product_desc-row\">\n<div class=\"product_desc-img\"><\/div>\n<div><\/div>\n<\/div>\n<p>&nbsp;<\/p>\n","protected":false},"excerpt":{"rendered":"<p>Cultiv\u00e9 sur les pentes volcaniques de Tanzanie, ce caf\u00e9 100 % Arabica offre une tasse vive et \u00e9quilibr\u00e9e, au caract\u00e8re aromatique raffin\u00e9. Id\u00e9al pour un espresso expressif ou une extraction filtre \u00e9l\u00e9gante. Torr\u00e9fi\u00e9 et conditionn\u00e9 au Maroc<\/p>\n<ul>\n<li>Origine : Tanzanie<\/li>\n<li>Terroir : Sols volcaniques<\/li>\n<li>Torr\u00e9faction : Moyenne<\/li>\n<li>Utilisation : Espresso \u2013 Filtre \u2013 M\u00e9thodes douces<\/li>\n<li>Composition : 100 % caf\u00e9 Arabica<\/li>\n<\/ul>\n<p>&nbsp;<\/p>\n","protected":false},"featured_media":4078,"comment_status":"open","ping_status":"closed","template":"","meta":{"postBodyCss":"","postBodyMargin":[],"postBodyPadding":[],"postBodyBackground":{"backgroundType":"classic","gradient":""}},"product_brand":[57],"product_cat":[34],"product_tag":[],"class_list":{"0":"post-4085","1":"product","2":"type-product","3":"status-publish","4":"has-post-thumbnail","6":"product_brand-coffeebeltmorocco","7":"product_cat-nos-cafes","9":"first","10":"instock","11":"shipping-taxable","12":"purchasable","13":"product-type-variable","14":"has-default-attributes"},"_links":{"self":[{"href":"https:\/\/coffeebeltmorocco.com\/index.php\/wp-json\/wp\/v2\/product\/4085","targetHints":{"allow":["GET"]}}],"collection":[{"href":"https:\/\/coffeebeltmorocco.com\/index.php\/wp-json\/wp\/v2\/product"}],"about":[{"href":"https:\/\/coffeebeltmorocco.com\/index.php\/wp-json\/wp\/v2\/types\/product"}],"replies":[{"embeddable":true,"href":"https:\/\/coffeebeltmorocco.com\/index.php\/wp-json\/wp\/v2\/comments?post=4085"}],"wp:featuredmedia":[{"embeddable":true,"href":"https:\/\/coffeebeltmorocco.com\/index.php\/wp-json\/wp\/v2\/media\/4078"}],"wp:attachment":[{"href":"https:\/\/coffeebeltmorocco.com\/index.php\/wp-json\/wp\/v2\/media?parent=4085"}],"wp:term":[{"taxonomy":"product_brand","embeddable":true,"href":"https:\/\/coffeebeltmorocco.com\/index.php\/wp-json\/wp\/v2\/product_brand?post=4085"},{"taxonomy":"product_cat","embeddable":true,"href":"https:\/\/coffeebeltmorocco.com\/index.php\/wp-json\/wp\/v2\/product_cat?post=4085"},{"taxonomy":"product_tag","embeddable":true,"href":"https:\/\/coffeebeltmorocco.com\/index.php\/wp-json\/wp\/v2\/product_tag?post=4085"}],"curies":[{"name":"wp","href":"https:\/\/api.w.org\/{rel}","templated":true}]}}