{"id":4080,"date":"2026-02-19T22:56:12","date_gmt":"2026-02-19T21:56:12","guid":{"rendered":"https:\/\/coffeebeltmorocco.com\/?post_type=product&#038;p=4080"},"modified":"2026-02-19T22:59:39","modified_gmt":"2026-02-19T21:59:39","slug":"100-arabica-ethiopie","status":"publish","type":"product","link":"https:\/\/coffeebeltmorocco.com\/index.php\/produit\/100-arabica-ethiopie\/","title":{"rendered":"100 % ARABICA \u2013 \u00c9THIOPIE"},"content":{"rendered":"<div class=\"product_desc-row\">\n<div class=\"product_desc-img\"><\/div>\n<div><\/div>\n<\/div>\n<p>&nbsp;<\/p>\n","protected":false},"excerpt":{"rendered":"<p>Berceau du caf\u00e9, l\u2019\u00c9thiopie offre un Arabica d\u2019exception, reconnu pour sa complexit\u00e9 aromatique et son \u00e9l\u00e9gance en tasse. Un caf\u00e9 d\u00e9licat, id\u00e9al pour les amateurs de saveurs florales et fruit\u00e9es. Torr\u00e9fi\u00e9 et conditionn\u00e9 au Maroc<\/p>\n<ul>\n<li>Origine : \u00c9thiopie<\/li>\n<li>Torr\u00e9faction : Claire \u00e0 moyenne<\/li>\n<li>Utilisation : Filtre \u2013 Espresso doux \u2013 M\u00e9thodes douces<\/li>\n<li>Composition : 100 % caf\u00e9 Arabica<\/li>\n<\/ul>\n<p>&nbsp;<\/p>\n","protected":false},"featured_media":4079,"comment_status":"open","ping_status":"closed","template":"","meta":{"postBodyCss":"","postBodyMargin":[],"postBodyPadding":[],"postBodyBackground":{"backgroundType":"classic","gradient":""}},"product_brand":[57],"product_cat":[34],"product_tag":[],"class_list":{"0":"post-4080","1":"product","2":"type-product","3":"status-publish","4":"has-post-thumbnail","6":"product_brand-coffeebeltmorocco","7":"product_cat-nos-cafes","9":"first","10":"instock","11":"shipping-taxable","12":"purchasable","13":"product-type-variable","14":"has-default-attributes"},"_links":{"self":[{"href":"https:\/\/coffeebeltmorocco.com\/index.php\/wp-json\/wp\/v2\/product\/4080","targetHints":{"allow":["GET"]}}],"collection":[{"href":"https:\/\/coffeebeltmorocco.com\/index.php\/wp-json\/wp\/v2\/product"}],"about":[{"href":"https:\/\/coffeebeltmorocco.com\/index.php\/wp-json\/wp\/v2\/types\/product"}],"replies":[{"embeddable":true,"href":"https:\/\/coffeebeltmorocco.com\/index.php\/wp-json\/wp\/v2\/comments?post=4080"}],"wp:featuredmedia":[{"embeddable":true,"href":"https:\/\/coffeebeltmorocco.com\/index.php\/wp-json\/wp\/v2\/media\/4079"}],"wp:attachment":[{"href":"https:\/\/coffeebeltmorocco.com\/index.php\/wp-json\/wp\/v2\/media?parent=4080"}],"wp:term":[{"taxonomy":"product_brand","embeddable":true,"href":"https:\/\/coffeebeltmorocco.com\/index.php\/wp-json\/wp\/v2\/product_brand?post=4080"},{"taxonomy":"product_cat","embeddable":true,"href":"https:\/\/coffeebeltmorocco.com\/index.php\/wp-json\/wp\/v2\/product_cat?post=4080"},{"taxonomy":"product_tag","embeddable":true,"href":"https:\/\/coffeebeltmorocco.com\/index.php\/wp-json\/wp\/v2\/product_tag?post=4080"}],"curies":[{"name":"wp","href":"https:\/\/api.w.org\/{rel}","templated":true}]}}