{"id":4052,"date":"2026-02-16T00:30:35","date_gmt":"2026-02-15T23:30:35","guid":{"rendered":"https:\/\/coffeebeltmorocco.com\/?post_type=product&#038;p=4052"},"modified":"2026-02-19T22:00:30","modified_gmt":"2026-02-19T21:00:30","slug":"100-arabica-honduras","status":"publish","type":"product","link":"https:\/\/coffeebeltmorocco.com\/index.php\/produit\/100-arabica-honduras\/","title":{"rendered":"100 % ARABICA \u2013 HONDURAS"},"content":{"rendered":"<div class=\"product_desc-row\">\n<div class=\"product_desc-img\"><\/div>\n<div><\/div>\n<\/div>\n<p>&nbsp;<\/p>\n","protected":false},"excerpt":{"rendered":"<p>Cultiv\u00e9 dans les r\u00e9gions montagneuses du Honduras, ce caf\u00e9 100 % Arabica offre une tasse<br \/>\nharmonieuse, aux ar\u00f4mes d\u00e9licats et \u00e0 la douceur naturelle.<br \/>\nId\u00e9al pour un espresso \u00e9quilibr\u00e9 ou une extraction douce et parfum\u00e9e.<br \/>\nTorr\u00e9fi\u00e9 et conditionn\u00e9 au Maroc<\/p>\n<ul>\n<li>Origine : Honduras<\/li>\n<li>Altitude : Hautes plantations<\/li>\n<li>Torr\u00e9faction : Moyenne<\/li>\n<li>Utilisation : Espresso \u2013 Filtre \u2013 Machine \u00e0 caf\u00e9<\/li>\n<li>Composition : 100 % caf\u00e9 Arabica<\/li>\n<\/ul>\n<p>&nbsp;<\/p>\n","protected":false},"featured_media":4059,"comment_status":"open","ping_status":"closed","template":"","meta":{"postBodyCss":"","postBodyMargin":[],"postBodyPadding":[],"postBodyBackground":{"backgroundType":"classic","gradient":""}},"product_brand":[57],"product_cat":[34],"product_tag":[],"class_list":{"0":"post-4052","1":"product","2":"type-product","3":"status-publish","4":"has-post-thumbnail","6":"product_brand-coffeebeltmorocco","7":"product_cat-nos-cafes","9":"first","10":"instock","11":"shipping-taxable","12":"purchasable","13":"product-type-variable","14":"has-default-attributes"},"_links":{"self":[{"href":"https:\/\/coffeebeltmorocco.com\/index.php\/wp-json\/wp\/v2\/product\/4052","targetHints":{"allow":["GET"]}}],"collection":[{"href":"https:\/\/coffeebeltmorocco.com\/index.php\/wp-json\/wp\/v2\/product"}],"about":[{"href":"https:\/\/coffeebeltmorocco.com\/index.php\/wp-json\/wp\/v2\/types\/product"}],"replies":[{"embeddable":true,"href":"https:\/\/coffeebeltmorocco.com\/index.php\/wp-json\/wp\/v2\/comments?post=4052"}],"wp:featuredmedia":[{"embeddable":true,"href":"https:\/\/coffeebeltmorocco.com\/index.php\/wp-json\/wp\/v2\/media\/4059"}],"wp:attachment":[{"href":"https:\/\/coffeebeltmorocco.com\/index.php\/wp-json\/wp\/v2\/media?parent=4052"}],"wp:term":[{"taxonomy":"product_brand","embeddable":true,"href":"https:\/\/coffeebeltmorocco.com\/index.php\/wp-json\/wp\/v2\/product_brand?post=4052"},{"taxonomy":"product_cat","embeddable":true,"href":"https:\/\/coffeebeltmorocco.com\/index.php\/wp-json\/wp\/v2\/product_cat?post=4052"},{"taxonomy":"product_tag","embeddable":true,"href":"https:\/\/coffeebeltmorocco.com\/index.php\/wp-json\/wp\/v2\/product_tag?post=4052"}],"curies":[{"name":"wp","href":"https:\/\/api.w.org\/{rel}","templated":true}]}}