{"id":3646,"date":"2026-01-27T23:45:53","date_gmt":"2026-01-27T22:45:53","guid":{"rendered":"https:\/\/coffeebeltmorocco.com\/?post_type=product&#038;p=3646"},"modified":"2026-02-19T22:14:04","modified_gmt":"2026-02-19T21:14:04","slug":"blend-superieur-melange-arabica-robusta","status":"publish","type":"product","link":"https:\/\/coffeebeltmorocco.com\/index.php\/produit\/blend-superieur-melange-arabica-robusta\/","title":{"rendered":"Blend Sup\u00e9rieur \u2013 M\u00e9lange Arabica &#038; Robusta"},"content":{"rendered":"","protected":false},"excerpt":{"rendered":"<p style=\"text-align: left;\">M\u00e9lange Arabica &amp; Robusta \u2013 Haute Intensit\u00e9<br \/>\nUn assemblage sup\u00e9rieur d\u2019Arabica s\u00e9lectionn\u00e9 pour sa richesse aromatique, associ\u00e9 \u00e0 uneproportion plus \u00e9lev\u00e9e de Robusta afin d\u2019offrir une intensit\u00e9 marqu\u00e9e, un corps puissant et une cr\u00e8me \u00e9paisse. Con\u00e7u pour les amateurs d\u2019espresso tr\u00e8s cors\u00e9 et \u00e9nergique.<br \/>\nTorr\u00e9fi\u00e9 et conditionn\u00e9 au Maroc<\/p>\n<p>&nbsp;<\/p>\n<ul>\n<li>Torr\u00e9faction : Fonc\u00e9e<\/li>\n<li>Utilisation : Espresso \u2013 Machine professionnelle \u2013 Moka<\/li>\n<li>Composition : 100 % caf\u00e9 (Arabica &amp; Robusta)<\/li>\n<\/ul>\n<p>&nbsp;<\/p>\n","protected":false},"featured_media":4048,"comment_status":"open","ping_status":"closed","template":"","meta":{"postBodyCss":"","postBodyMargin":[],"postBodyPadding":[],"postBodyBackground":{"backgroundType":"classic","gradient":""}},"product_brand":[57],"product_cat":[34],"product_tag":[],"class_list":{"0":"post-3646","1":"product","2":"type-product","3":"status-publish","4":"has-post-thumbnail","6":"product_brand-coffeebeltmorocco","7":"product_cat-nos-cafes","9":"first","10":"instock","11":"shipping-taxable","12":"purchasable","13":"product-type-variable"},"_links":{"self":[{"href":"https:\/\/coffeebeltmorocco.com\/index.php\/wp-json\/wp\/v2\/product\/3646","targetHints":{"allow":["GET"]}}],"collection":[{"href":"https:\/\/coffeebeltmorocco.com\/index.php\/wp-json\/wp\/v2\/product"}],"about":[{"href":"https:\/\/coffeebeltmorocco.com\/index.php\/wp-json\/wp\/v2\/types\/product"}],"replies":[{"embeddable":true,"href":"https:\/\/coffeebeltmorocco.com\/index.php\/wp-json\/wp\/v2\/comments?post=3646"}],"wp:featuredmedia":[{"embeddable":true,"href":"https:\/\/coffeebeltmorocco.com\/index.php\/wp-json\/wp\/v2\/media\/4048"}],"wp:attachment":[{"href":"https:\/\/coffeebeltmorocco.com\/index.php\/wp-json\/wp\/v2\/media?parent=3646"}],"wp:term":[{"taxonomy":"product_brand","embeddable":true,"href":"https:\/\/coffeebeltmorocco.com\/index.php\/wp-json\/wp\/v2\/product_brand?post=3646"},{"taxonomy":"product_cat","embeddable":true,"href":"https:\/\/coffeebeltmorocco.com\/index.php\/wp-json\/wp\/v2\/product_cat?post=3646"},{"taxonomy":"product_tag","embeddable":true,"href":"https:\/\/coffeebeltmorocco.com\/index.php\/wp-json\/wp\/v2\/product_tag?post=3646"}],"curies":[{"name":"wp","href":"https:\/\/api.w.org\/{rel}","templated":true}]}}