{"id":3193,"date":"2025-12-15T08:41:47","date_gmt":"2025-12-15T07:41:47","guid":{"rendered":"https:\/\/coffeebeltmorocco.com\/?post_type=product&#038;p=3193"},"modified":"2026-02-16T00:19:00","modified_gmt":"2026-02-15T23:19:00","slug":"gold-espresso-melange-arabica-robusta","status":"publish","type":"product","link":"https:\/\/coffeebeltmorocco.com\/index.php\/produit\/gold-espresso-melange-arabica-robusta\/","title":{"rendered":"Gold Espresso \u2013 M\u00e9lange Arabica &#038; Robusta"},"content":{"rendered":"<div class=\"product_desc-row\">\n<div class=\"product_desc-img\"><\/div>\n<div><\/div>\n<\/div>\n<p>&nbsp;<\/p>\n","protected":false},"excerpt":{"rendered":"<p>&nbsp;<\/p>\n<p>&nbsp;<\/p>\n<p>M\u00e9lange Arabica &amp; Robusta<br \/>\nUn m\u00e9lange soigneusement \u00e9labor\u00e9 d\u2019Arabica, reconnu pour sa finesse et ses ar\u00f4mes subtils, et de Robusta, apportant puissance et une cr\u00e8me riche. Un caf\u00e9 id\u00e9al pour les amateurs d\u2019espresso cors\u00e9 et \u00e9quilibr\u00e9.<br \/>\nTorr\u00e9fi\u00e9 et conditionn\u00e9 au Maroc<\/p>\n<ul>\n<li>Torr\u00e9faction : Medium<\/li>\n<li>Utilisation : Espresso \u2013 Machine \u00e0 caf\u00e9 \u2013 Moka<\/li>\n<li>Composition : 100 % caf\u00e9 (Arabica &amp; Robusta)<\/li>\n<\/ul>\n","protected":false},"featured_media":4045,"comment_status":"open","ping_status":"closed","template":"","meta":{"postBodyCss":"","postBodyMargin":[],"postBodyPadding":[],"postBodyBackground":{"backgroundType":"classic","gradient":""}},"product_brand":[57],"product_cat":[34],"product_tag":[],"class_list":{"0":"post-3193","1":"product","2":"type-product","3":"status-publish","4":"has-post-thumbnail","6":"product_brand-coffeebeltmorocco","7":"product_cat-nos-cafes","9":"first","10":"instock","11":"shipping-taxable","12":"purchasable","13":"product-type-variable"},"_links":{"self":[{"href":"https:\/\/coffeebeltmorocco.com\/index.php\/wp-json\/wp\/v2\/product\/3193","targetHints":{"allow":["GET"]}}],"collection":[{"href":"https:\/\/coffeebeltmorocco.com\/index.php\/wp-json\/wp\/v2\/product"}],"about":[{"href":"https:\/\/coffeebeltmorocco.com\/index.php\/wp-json\/wp\/v2\/types\/product"}],"replies":[{"embeddable":true,"href":"https:\/\/coffeebeltmorocco.com\/index.php\/wp-json\/wp\/v2\/comments?post=3193"}],"wp:featuredmedia":[{"embeddable":true,"href":"https:\/\/coffeebeltmorocco.com\/index.php\/wp-json\/wp\/v2\/media\/4045"}],"wp:attachment":[{"href":"https:\/\/coffeebeltmorocco.com\/index.php\/wp-json\/wp\/v2\/media?parent=3193"}],"wp:term":[{"taxonomy":"product_brand","embeddable":true,"href":"https:\/\/coffeebeltmorocco.com\/index.php\/wp-json\/wp\/v2\/product_brand?post=3193"},{"taxonomy":"product_cat","embeddable":true,"href":"https:\/\/coffeebeltmorocco.com\/index.php\/wp-json\/wp\/v2\/product_cat?post=3193"},{"taxonomy":"product_tag","embeddable":true,"href":"https:\/\/coffeebeltmorocco.com\/index.php\/wp-json\/wp\/v2\/product_tag?post=3193"}],"curies":[{"name":"wp","href":"https:\/\/api.w.org\/{rel}","templated":true}]}}