{"id":2004,"date":"2021-08-24T10:23:37","date_gmt":"2021-08-24T10:23:37","guid":{"rendered":"https:\/\/baker.la-studioweb.com\/?page_id=2004"},"modified":"2026-02-21T17:28:02","modified_gmt":"2026-02-21T16:28:02","slug":"about-us-02","status":"publish","type":"page","link":"https:\/\/coffeebeltmorocco.com\/index.php\/about-us-02\/","title":{"rendered":"A Propos"},"content":{"rendered":"\t\t<div data-elementor-type=\"wp-page\" data-elementor-id=\"2004\" class=\"elementor elementor-2004\">\n\t\t\t\t<div class=\"elementor-element elementor-element-3133312 e-con-full e-flex lakit-col-width-auto-no e-container e-root-container elementor-top-section e-con e-parent\" data-id=\"3133312\" data-element_type=\"container\" data-e-type=\"container\" data-settings=\"{&quot;background_background&quot;:&quot;classic&quot;}\">\n\t\t\t\t<div class=\"elementor-element elementor-element-e0f7003 elementor-widget__width-inherit elementor-widget elementor-widget-image\" data-id=\"e0f7003\" data-element_type=\"widget\" data-e-type=\"widget\" data-widget_type=\"image.default\">\n\t\t\t\t\t\t\t\t\t\t\t\t\t\t\t<img fetchpriority=\"high\" decoding=\"async\" width=\"1920\" height=\"512\" src=\"https:\/\/coffeebeltmorocco.com\/wp-content\/uploads\/2025\/12\/a-Propos-copie.webp\" class=\"attachment-full size-full wp-image-3399\" alt=\"\" srcset=\"https:\/\/coffeebeltmorocco.com\/wp-content\/uploads\/2025\/12\/a-Propos-copie.webp 1920w, https:\/\/coffeebeltmorocco.com\/wp-content\/uploads\/2025\/12\/a-Propos-copie-1536x410.webp 1536w\" sizes=\"(max-width: 1920px) 100vw, 1920px\" \/>\t\t\t\t\t\t\t\t\t\t\t\t\t\t\t<\/div>\n\t\t\t\t<\/div>\n\t\t<div class=\"elementor-element elementor-element-04a95ea e-flex e-con-boxed lakit-col-width-auto-no e-container e-root-container elementor-top-section e-con e-parent\" data-id=\"04a95ea\" data-element_type=\"container\" data-e-type=\"container\" data-settings=\"{&quot;background_background&quot;:&quot;classic&quot;}\">\n\t\t\t\t\t<div class=\"e-con-inner\">\n\t\t\t\t<div class=\"elementor-element elementor-element-2c9a9da elementor-widget elementor-widget-heading\" data-id=\"2c9a9da\" data-element_type=\"widget\" data-e-type=\"widget\" data-widget_type=\"heading.default\">\n\t\t\t\t\t<h2 class=\"elementor-heading-title elementor-size-default\">COFFEE BELT MOROCCO<\/h2>\t\t\t\t<\/div>\n\t\t\t\t\t<\/div>\n\t\t\t\t<\/div>\n\t\t<div class=\"elementor-element elementor-element-1705449 e-flex e-con-boxed lakit-col-width-auto-no e-container e-root-container elementor-top-section e-con e-parent\" data-id=\"1705449\" data-element_type=\"container\" data-e-type=\"container\">\n\t\t\t\t\t<div class=\"e-con-inner\">\n\t\t<div class=\"elementor-element elementor-element-05a4afe e-con-full e-flex lakit-col-width-auto-no e-container e-con e-child\" data-id=\"05a4afe\" data-element_type=\"container\" data-e-type=\"container\">\n\t\t\t\t<div class=\"elementor-element elementor-element-6073532 elementor-widget elementor-widget-text-editor\" data-id=\"6073532\" data-element_type=\"widget\" data-e-type=\"widget\" data-widget_type=\"text-editor.default\">\n\t\t\t\t\t\t\t\t\t<h1><em>Notre Histoire<\/em><\/h1><p><strong>Fond\u00e9e en 2018<\/strong>, <strong>COFFEE BELT Morocco<\/strong> s\u2019impose comme une r\u00e9f\u00e9rence dans la torr\u00e9faction et la distribution de caf\u00e9 au <strong>Maroc<\/strong>.<br \/>Nous s\u00e9lectionnons avec exigence les meilleurs grains <em><strong>Arabica<\/strong><\/em> et <em><strong>Robusta,<\/strong><\/em> issus des plus grandes origines du monde, et \u00e9laborons \u00e9galement des m\u00e9langes maison exclusifs, pens\u00e9s pour offrir un \u00e9quilibre parfait et une signature gustative unique.<br \/>Notre savoir-faire s\u2019\u00e9tend aussi \u00e0 une s\u00e9lection raffin\u00e9e de th\u00e9s aromatis\u00e9s, ainsi qu\u2019\u00e0 une large gamme d\u2019accessoires de caf\u00e9, destin\u00e9s aux professionnels et aux amateurs passionn\u00e9s.<br \/><strong>COFFEE BELT<\/strong> <strong>Morocco<\/strong>, c\u2019est l\u2019art du caf\u00e9, le go\u00fbt de l\u2019excellence et un voyage sensoriel au c\u0153ur des meilleures origines.<\/p>\t\t\t\t\t\t\t\t<\/div>\n\t\t\t\t<\/div>\n\t\t<div class=\"elementor-element elementor-element-bce6e26 e-con-full e-flex lakit-col-width-auto-no e-container e-con e-child\" data-id=\"bce6e26\" data-element_type=\"container\" data-e-type=\"container\">\n\t\t\t\t<div class=\"elementor-element elementor-element-0bba34a elementor-widget elementor-widget-image\" data-id=\"0bba34a\" data-element_type=\"widget\" data-e-type=\"widget\" data-widget_type=\"image.default\">\n\t\t\t\t\t\t\t\t\t\t\t\t\t\t\t<img decoding=\"async\" src=\"https:\/\/coffeebeltmorocco.com\/wp-content\/uploads\/elementor\/thumbs\/yassine-rjhm24xajig8wtpu9059t23xxfs3z04vi3qw12a328.webp\" title=\"yassine\" alt=\"yassine\" loading=\"lazy\" \/>\t\t\t\t\t\t\t\t\t\t\t\t\t\t\t<\/div>\n\t\t\t\t<\/div>\n\t\t\t\t\t<\/div>\n\t\t\t\t<\/div>\n\t\t\t\t<section class=\"elementor-section elementor-top-section elementor-element elementor-element-0ce0444 elementor-section-full_width elementor-section-content-middle elementor-reverse-mobile elementor-section-height-default elementor-section-height-default e-parent\" data-id=\"0ce0444\" data-element_type=\"section\" data-e-type=\"section\">\n\t\t\t\t\t\t<div class=\"elementor-container elementor-column-gap-no\">\n\t\t\t\t\t<div class=\"elementor-column elementor-col-50 elementor-top-column elementor-element elementor-element-88de669 lakit-col-width-auto-no\" data-id=\"88de669\" data-element_type=\"column\" data-e-type=\"column\" data-settings=\"{&quot;background_background&quot;:&quot;classic&quot;}\">\n\t\t\t<div class=\"elementor-widget-wrap elementor-element-populated\">\n\t\t\t\t\t\t<div class=\"elementor-element elementor-element-14d5252 elementor-widget__width-inherit elementor-absolute elementor-widget elementor-widget-spacer\" data-id=\"14d5252\" data-element_type=\"widget\" data-e-type=\"widget\" data-settings=\"{&quot;_position&quot;:&quot;absolute&quot;}\" data-widget_type=\"spacer.default\">\n\t\t\t\t\t\t\t<div class=\"elementor-spacer\">\n\t\t\t<div class=\"elementor-spacer-inner\"><\/div>\n\t\t<\/div>\n\t\t\t\t\t\t<\/div>\n\t\t\t\t<div class=\"elementor-element elementor-element-a680474 elementor-widget elementor-widget-spacer\" data-id=\"a680474\" data-element_type=\"widget\" data-e-type=\"widget\" data-widget_type=\"spacer.default\">\n\t\t\t\t\t\t\t<div class=\"elementor-spacer\">\n\t\t\t<div class=\"elementor-spacer-inner\"><\/div>\n\t\t<\/div>\n\t\t\t\t\t\t<\/div>\n\t\t\t\t\t<\/div>\n\t\t<\/div>\n\t\t\t\t<div class=\"elementor-column elementor-col-50 elementor-top-column elementor-element elementor-element-ea76f82 lakit-col-width-auto-no\" data-id=\"ea76f82\" data-element_type=\"column\" data-e-type=\"column\">\n\t\t\t<div class=\"elementor-widget-wrap elementor-element-populated\">\n\t\t\t\t\t\t<div class=\"elementor-element elementor-element-5c08579 elementor-widget elementor-widget-heading\" data-id=\"5c08579\" data-element_type=\"widget\" data-e-type=\"widget\" data-widget_type=\"heading.default\">\n\t\t\t\t\t<h2 class=\"elementor-heading-title elementor-size-default\">nous sommes ouvert<\/h2>\t\t\t\t<\/div>\n\t\t\t\t<div class=\"elementor-element elementor-element-c7980e9 elementor-widget elementor-widget-spacer\" data-id=\"c7980e9\" data-element_type=\"widget\" data-e-type=\"widget\" data-widget_type=\"spacer.default\">\n\t\t\t\t\t\t\t<div class=\"elementor-spacer\">\n\t\t\t<div class=\"elementor-spacer-inner\"><\/div>\n\t\t<\/div>\n\t\t\t\t\t\t<\/div>\n\t\t\t\t<div class=\"elementor-element elementor-element-e71191e elementor-widget__width-initial elementor-widget-tablet__width-initial elementor-widget-mobile_extra__width-auto elementor-widget elementor-widget-heading\" data-id=\"e71191e\" data-element_type=\"widget\" data-e-type=\"widget\" data-widget_type=\"heading.default\">\n\t\t\t\t\t<h4 class=\"elementor-heading-title elementor-size-default\">Lundi - Vendredi<\/h4>\t\t\t\t<\/div>\n\t\t\t\t<div class=\"elementor-element elementor-element-022ff44 elementor-widget__width-initial elementor-widget elementor-widget-heading\" data-id=\"022ff44\" data-element_type=\"widget\" data-e-type=\"widget\" data-widget_type=\"heading.default\">\n\t\t\t\t\t<div class=\"elementor-heading-title elementor-size-default\">09:00 - 22:00<\/div>\t\t\t\t<\/div>\n\t\t\t\t<div class=\"elementor-element elementor-element-5539476 elementor-widget-divider--view-line elementor-widget elementor-widget-divider\" data-id=\"5539476\" data-element_type=\"widget\" data-e-type=\"widget\" data-widget_type=\"divider.default\">\n\t\t\t\t\t\t\t<div class=\"elementor-divider\">\n\t\t\t<span class=\"elementor-divider-separator\">\n\t\t\t\t\t\t<\/span>\n\t\t<\/div>\n\t\t\t\t\t\t<\/div>\n\t\t\t\t<div class=\"elementor-element elementor-element-9dcd759 elementor-widget__width-initial elementor-widget-tablet__width-initial elementor-widget-mobile_extra__width-auto elementor-widget elementor-widget-heading\" data-id=\"9dcd759\" data-element_type=\"widget\" data-e-type=\"widget\" data-widget_type=\"heading.default\">\n\t\t\t\t\t<h4 class=\"elementor-heading-title elementor-size-default\">Samedi - Dimanche<\/h4>\t\t\t\t<\/div>\n\t\t\t\t<div class=\"elementor-element elementor-element-60c46f5 elementor-widget__width-initial elementor-widget elementor-widget-heading\" data-id=\"60c46f5\" data-element_type=\"widget\" data-e-type=\"widget\" data-widget_type=\"heading.default\">\n\t\t\t\t\t<div class=\"elementor-heading-title elementor-size-default\">09:00 - 23:00<\/div>\t\t\t\t<\/div>\n\t\t\t\t<div class=\"elementor-element elementor-element-650dab3 elementor-widget-divider--view-line elementor-widget elementor-widget-divider\" data-id=\"650dab3\" data-element_type=\"widget\" data-e-type=\"widget\" data-widget_type=\"divider.default\">\n\t\t\t\t\t\t\t<div class=\"elementor-divider\">\n\t\t\t<span class=\"elementor-divider-separator\">\n\t\t\t\t\t\t<\/span>\n\t\t<\/div>\n\t\t\t\t\t\t<\/div>\n\t\t\t\t\t<\/div>\n\t\t<\/div>\n\t\t\t\t\t<\/div>\n\t\t<\/section>\n\t\t\t\t<\/div>\n\t\t","protected":false},"excerpt":{"rendered":"<p>COFFEE BELT MOROCCO Notre Histoire Fond\u00e9e en 2018, COFFEE BELT Morocco s\u2019impose comme une r\u00e9f\u00e9rence dans la torr\u00e9faction et la [&hellip;]<\/p>\n","protected":false},"author":1,"featured_media":0,"parent":0,"menu_order":0,"comment_status":"closed","ping_status":"closed","template":"","meta":{"postBodyCss":"","postBodyMargin":[],"postBodyPadding":[],"postBodyBackground":{"backgroundType":"classic","gradient":""},"footnotes":""},"class_list":["post-2004","page","type-page","status-publish","hentry"],"_links":{"self":[{"href":"https:\/\/coffeebeltmorocco.com\/index.php\/wp-json\/wp\/v2\/pages\/2004","targetHints":{"allow":["GET"]}}],"collection":[{"href":"https:\/\/coffeebeltmorocco.com\/index.php\/wp-json\/wp\/v2\/pages"}],"about":[{"href":"https:\/\/coffeebeltmorocco.com\/index.php\/wp-json\/wp\/v2\/types\/page"}],"author":[{"embeddable":true,"href":"https:\/\/coffeebeltmorocco.com\/index.php\/wp-json\/wp\/v2\/users\/1"}],"replies":[{"embeddable":true,"href":"https:\/\/coffeebeltmorocco.com\/index.php\/wp-json\/wp\/v2\/comments?post=2004"}],"version-history":[{"count":68,"href":"https:\/\/coffeebeltmorocco.com\/index.php\/wp-json\/wp\/v2\/pages\/2004\/revisions"}],"predecessor-version":[{"id":4222,"href":"https:\/\/coffeebeltmorocco.com\/index.php\/wp-json\/wp\/v2\/pages\/2004\/revisions\/4222"}],"wp:attachment":[{"href":"https:\/\/coffeebeltmorocco.com\/index.php\/wp-json\/wp\/v2\/media?parent=2004"}],"curies":[{"name":"wp","href":"https:\/\/api.w.org\/{rel}","templated":true}]}}